{"id":13906,"date":"2024-07-18T07:44:01","date_gmt":"2024-07-18T07:44:01","guid":{"rendered":"https:\/\/vieja.euespa.com\/?page_id=13906"},"modified":"2025-04-09T09:52:51","modified_gmt":"2025-04-09T09:52:51","slug":"equipo","status":"publish","type":"page","link":"https:\/\/vieja.euespa.com\/?page_id=13906","title":{"rendered":"Equipo"},"content":{"rendered":"<p>[et_pb_section fb_built=\u00bb1&#8243; _builder_version=\u00bb4.26.1&#8243; _module_preset=\u00bbdefault\u00bb background_enable_image=\u00bboff\u00bb parallax=\u00bbon\u00bb parallax_method=\u00bboff\u00bb custom_padding=\u00bb100px||115px||false|false\u00bb da_disable_devices=\u00bboff|off|off\u00bb locked=\u00bboff\u00bb global_colors_info=\u00bb{}\u00bb da_is_popup=\u00bboff\u00bb da_exit_intent=\u00bboff\u00bb da_has_close=\u00bbon\u00bb da_alt_close=\u00bboff\u00bb da_dark_close=\u00bboff\u00bb da_not_modal=\u00bbon\u00bb da_is_singular=\u00bboff\u00bb da_with_loader=\u00bboff\u00bb da_has_shadow=\u00bbon\u00bb][et_pb_row column_structure=\u00bb1_5,3_5,1_5&#8243; _builder_version=\u00bb4.16&#8243; _module_preset=\u00bbdefault\u00bb global_colors_info=\u00bb{}\u00bb][et_pb_column type=\u00bb1_5&#8243; _builder_version=\u00bb4.16&#8243; _module_preset=\u00bbdefault\u00bb global_colors_info=\u00bb{}\u00bb][\/et_pb_column][et_pb_column type=\u00bb3_5&#8243; _builder_version=\u00bb4.16&#8243; _module_preset=\u00bbdefault\u00bb global_colors_info=\u00bb{}\u00bb][et_pb_image src=\u00bbhttps:\/\/vieja.euespa.com\/wp-content\/uploads\/2020\/11\/EUESPA_logo_rojo_favicon-03.png\u00bb title_text=\u00bbEUESPA_logo_rojo_favicon-03&#8243; align=\u00bbcenter\u00bb _builder_version=\u00bb4.27.0&#8243; _module_preset=\u00bbdefault\u00bb width=\u00bb9%\u00bb module_alignment=\u00bbcenter\u00bb global_colors_info=\u00bb{}\u00bb][\/et_pb_image][et_pb_text _builder_version=\u00bb4.27.4&#8243; _module_preset=\u00bbdefault\u00bb header_text_color=\u00bb#555555&#8243; header_2_font=\u00bb|700|||||||\u00bb header_2_text_color=\u00bb#555555&#8243; header_2_font_size=\u00bb45px\u00bb custom_margin=\u00bb||-1px|||\u00bb hover_enabled=\u00bb0&#8243; header_2_font_size_tablet=\u00bb\u00bb header_2_font_size_phone=\u00bb35px\u00bb header_2_font_size_last_edited=\u00bbon|tablet\u00bb global_colors_info=\u00bb{}\u00bb sticky_enabled=\u00bb0&#8243;]<\/p>\n<h3 data-start=\"0\" data-end=\"26\" style=\"text-align: center;\">Equipo Formativo de EUESPA<\/h3>\n<p data-start=\"28\" data-end=\"326\" class=\"\" style=\"text-align: center;\">Un grupo de profesionales apasionados por el masaje, la formaci\u00f3n y el desarrollo personal y empresarial. Cada uno de nuestros formadores aporta su experiencia real en el sector, desde el masaje deportivo de \u00e9lite hasta la gesti\u00f3n de centros de bienestar y estrategias de marketing especializadas. Est\u00e1n aqu\u00ed no solo para ense\u00f1arte, sino para acompa\u00f1arte en tu camino hacia una nueva profesi\u00f3n con futuro.<\/p>\n<p>&nbsp;<\/p>\n<p>[\/et_pb_text][\/et_pb_column][et_pb_column type=\u00bb1_5&#8243; _builder_version=\u00bb4.16&#8243; _module_preset=\u00bbdefault\u00bb global_colors_info=\u00bb{}\u00bb][\/et_pb_column][\/et_pb_row][et_pb_row column_structure=\u00bb1_4,1_4,1_4,1_4&#8243; _builder_version=\u00bb4.27.4&#8243; _module_preset=\u00bbdefault\u00bb hover_enabled=\u00bb0&#8243; global_colors_info=\u00bb{}\u00bb sticky_enabled=\u00bb0&#8243;][et_pb_column type=\u00bb1_4&#8243; _builder_version=\u00bb4.26.1&#8243; _module_preset=\u00bbdefault\u00bb global_colors_info=\u00bb{}\u00bb][et_pb_blurb title=\u00bbJordi Casalta\u00bb image=\u00bbhttps:\/\/vieja.euespa.com\/wp-content\/uploads\/2024\/07\/Jordi_fondo-1-scaled.jpg\u00bb _builder_version=\u00bb4.27.4&#8243; _module_preset=\u00bbdefault\u00bb header_font_size=\u00bb20px\u00bb hover_enabled=\u00bb0&#8243; global_colors_info=\u00bb{}\u00bb sticky_enabled=\u00bb0&#8243;]<\/p>\n<div class=\"page\" title=\"Page 1\">\n<div class=\"layoutArea\">\n<div class=\"column\">\n<p style=\"text-align: justify;\"><span>Director de la Escuela Europea de Formaci\u00f3n SPA y de la Escuela de Masaje Natura. Masajista de \u00e9lite con experiencia en las 24 Horas de Le Mans y en F\u00f3rmula 1.<\/span><br data-start=\"159\" data-end=\"162\" \/><span>No solo te ense\u00f1ar\u00e1 a ser un masajista excepcional, sino tambi\u00e9n a vivir bien de esta profesi\u00f3n.<\/span><\/p>\n<\/div>\n<\/div>\n<\/div>\n<p>[\/et_pb_blurb][\/et_pb_column][et_pb_column type=\u00bb1_4&#8243; _builder_version=\u00bb4.26.1&#8243; _module_preset=\u00bbdefault\u00bb global_colors_info=\u00bb{}\u00bb][et_pb_blurb title=\u00bbRafael Cort\u00e9s\u00bb image=\u00bbhttps:\/\/vieja.euespa.com\/wp-content\/uploads\/2024\/07\/Rafa_fondo-scaled.jpg\u00bb _builder_version=\u00bb4.27.4&#8243; _module_preset=\u00bbdefault\u00bb header_font_size=\u00bb20px\u00bb hover_enabled=\u00bb0&#8243; locked=\u00bboff\u00bb global_colors_info=\u00bb{}\u00bb sticky_enabled=\u00bb0&#8243;]<\/p>\n<div class=\"page\" title=\"Page 1\">\n<div class=\"layoutArea\">\n<div class=\"column\">\n<div class=\"page\" title=\"Page 1\">\n<div class=\"layoutArea\">\n<div class=\"column\">\n<p style=\"text-align: justify;\"><span>Coordinador jefe de tutor\u00edas en EUESPA. Profesor especialista en Masaje Deportivo y SPA. <\/span><span>Reconocido por su paciencia infinita y su capacidad \u00fanica para ense\u00f1ar anatom\u00eda de forma clara, pr\u00e1ctica y apasionante.<\/span><\/p>\n<\/div>\n<\/div>\n<\/div>\n<\/div>\n<\/div>\n<\/div>\n<p>[\/et_pb_blurb][\/et_pb_column][et_pb_column type=\u00bb1_4&#8243; _builder_version=\u00bb4.26.1&#8243; _module_preset=\u00bbdefault\u00bb global_colors_info=\u00bb{}\u00bb][et_pb_blurb title=\u00bbOlga Chesa\u00bb image=\u00bbhttps:\/\/vieja.euespa.com\/wp-content\/uploads\/2024\/07\/Olga_fondo-scaled.jpg\u00bb _builder_version=\u00bb4.27.4&#8243; _module_preset=\u00bbdefault\u00bb header_font_size=\u00bb20px\u00bb hover_enabled=\u00bb0&#8243; locked=\u00bboff\u00bb global_colors_info=\u00bb{}\u00bb sticky_enabled=\u00bb0&#8243;]<\/p>\n<div class=\"page\" title=\"Page 1\">\n<div class=\"layoutArea\">\n<div class=\"column\">\n<div class=\"page\" title=\"Page 1\">\n<div class=\"layoutArea\">\n<div class=\"column\">\n<p style=\"text-align: justify;\"><span>Masajista profesional con 15 a\u00f1os de experiencia. <\/span><span>Apasionada del masaje sensorial: ca\u00f1as de bamb\u00fa, piedras calientes, envolturas de chocolate etc. Le encanta ense\u00f1ar c\u00f3mo transformar cada masaje en una experiencia inolvidable.<\/span><\/p>\n<\/div>\n<\/div>\n<\/div>\n<\/div>\n<\/div>\n<\/div>\n<p>[\/et_pb_blurb][\/et_pb_column][et_pb_column type=\u00bb1_4&#8243; _builder_version=\u00bb4.26.1&#8243; _module_preset=\u00bbdefault\u00bb global_colors_info=\u00bb{}\u00bb][et_pb_blurb title=\u00bbCristian Est\u00e9vez\u00bb image=\u00bbhttps:\/\/vieja.euespa.com\/wp-content\/uploads\/2024\/07\/Cristian_fondo-1-scaled.jpg\u00bb _builder_version=\u00bb4.27.4&#8243; _module_preset=\u00bbdefault\u00bb header_font_size=\u00bb20px\u00bb hover_enabled=\u00bb0&#8243; locked=\u00bboff\u00bb global_colors_info=\u00bb{}\u00bb sticky_enabled=\u00bb0&#8243;]<\/p>\n<div class=\"page\" title=\"Page 1\">\n<div class=\"layoutArea\">\n<div class=\"column\">\n<div class=\"page\" title=\"Page 1\">\n<div class=\"layoutArea\">\n<div class=\"column\">\n<p style=\"text-align: justify;\"><span>Director de Marketing en Weloveflying. <\/span><span>Experto en redes sociales, te mostrar\u00e1 c\u00f3mo aplicar nuestra metodolog\u00eda para atraer cientos de clientes y hacer crecer tu marca personal como masajista profesional.<\/span><\/p>\n<\/div>\n<\/div>\n<\/div>\n<\/div>\n<\/div>\n<\/div>\n<p>[\/et_pb_blurb][\/et_pb_column][\/et_pb_row][et_pb_row column_structure=\u00bb1_4,1_4,1_4,1_4&#8243; disabled_on=\u00bbon|on|off\u00bb _builder_version=\u00bb4.27.0&#8243; _module_preset=\u00bbdefault\u00bb global_colors_info=\u00bb{}\u00bb][et_pb_column type=\u00bb1_4&#8243; _builder_version=\u00bb4.26.1&#8243; _module_preset=\u00bbdefault\u00bb global_colors_info=\u00bb{}\u00bb][\/et_pb_column][et_pb_column type=\u00bb1_4&#8243; _builder_version=\u00bb4.26.1&#8243; _module_preset=\u00bbdefault\u00bb global_colors_info=\u00bb{}\u00bb][et_pb_blurb title=\u00bbVer\u00f3nica Pascual\u00bb image=\u00bbhttps:\/\/vieja.euespa.com\/wp-content\/uploads\/2024\/07\/Vero_fondo-scaled.jpg\u00bb _builder_version=\u00bb4.27.4&#8243; _module_preset=\u00bbdefault\u00bb header_font_size=\u00bb20px\u00bb hover_enabled=\u00bb0&#8243; global_colors_info=\u00bb{}\u00bb sticky_enabled=\u00bb0&#8243;]<\/p>\n<div class=\"page\" title=\"Page 1\">\n<div class=\"layoutArea\">\n<div class=\"column\">\n<div class=\"page\" title=\"Page 1\">\n<div class=\"layoutArea\">\n<div class=\"column\">\n<p style=\"text-align: justify;\"><span>Responsable de Atenci\u00f3n al Alumno en EUESPA y Coordinadora de Recursos. <\/span><span>Organizada al mil\u00edmetro, necesita tener todo preparado con meses de antelaci\u00f3n para poder dormir. Gracias a ella, nada se deja al azar y todo funciona como un reloj.<\/span><\/p>\n<\/div>\n<\/div>\n<\/div>\n<\/div>\n<\/div>\n<\/div>\n<p>[\/et_pb_blurb][\/et_pb_column][et_pb_column type=\u00bb1_4&#8243; _builder_version=\u00bb4.26.1&#8243; _module_preset=\u00bbdefault\u00bb global_colors_info=\u00bb{}\u00bb][et_pb_blurb title=\u00bbClara Tim\u00f3n\u00bb image=\u00bbhttps:\/\/vieja.euespa.com\/wp-content\/uploads\/2024\/07\/Clara_fondo-1-scaled.jpg\u00bb _builder_version=\u00bb4.27.4&#8243; _module_preset=\u00bbdefault\u00bb header_font_size=\u00bb20px\u00bb hover_enabled=\u00bb0&#8243; locked=\u00bboff\u00bb global_colors_info=\u00bb{}\u00bb sticky_enabled=\u00bb0&#8243;]<\/p>\n<div class=\"page\" title=\"Page 1\">\n<div class=\"layoutArea\">\n<div class=\"column\">\n<div class=\"page\" title=\"Page 1\">\n<div class=\"layoutArea\">\n<div class=\"column\">\n<div class=\"page\" title=\"Page 1\">\n<div class=\"layoutArea\">\n<div class=\"column\">\n<p style=\"text-align: justify;\"><span>Atenci\u00f3n al Cliente y Modelo en EUESPA. <\/span><span>La informadora de cursos m\u00e1s encantadora. Siempre con una sonrisa, dispuesta a resolver tus dudas y ayudarte en todo lo que necesites.<\/span><\/p>\n<\/div>\n<\/div>\n<\/div>\n<\/div>\n<\/div>\n<\/div>\n<\/div>\n<\/div>\n<\/div>\n<p>[\/et_pb_blurb][\/et_pb_column][et_pb_column type=\u00bb1_4&#8243; _builder_version=\u00bb4.26.1&#8243; _module_preset=\u00bbdefault\u00bb global_colors_info=\u00bb{}\u00bb][\/et_pb_column][\/et_pb_row][et_pb_row column_structure=\u00bb1_4,1_4,1_4,1_4&#8243; disabled_on=\u00bboff|off|on\u00bb _builder_version=\u00bb4.27.0&#8243; _module_preset=\u00bbdefault\u00bb global_colors_info=\u00bb{}\u00bb][et_pb_column type=\u00bb1_4&#8243; _builder_version=\u00bb4.26.1&#8243; _module_preset=\u00bbdefault\u00bb global_colors_info=\u00bb{}\u00bb][et_pb_blurb title=\u00bbVer\u00f3nica Pascual\u00bb image=\u00bbhttps:\/\/vieja.euespa.com\/wp-content\/uploads\/2024\/07\/Vero_fondo-scaled.jpg\u00bb _builder_version=\u00bb4.27.0&#8243; _module_preset=\u00bbdefault\u00bb header_font_size=\u00bb20px\u00bb global_colors_info=\u00bb{}\u00bb]<\/p>\n<div class=\"page\" title=\"Page 1\">\n<div class=\"layoutArea\">\n<div class=\"column\">\n<div class=\"page\" title=\"Page 1\">\n<div class=\"layoutArea\">\n<div class=\"column\">\n<p>Atencio\u0301n al alumno EUESPA y coordinadora de recursos. * La previsora, tiene que estar todo listo 3 meses antes para que pueda dormir.<\/p>\n<\/div>\n<\/div>\n<\/div>\n<\/div>\n<\/div>\n<\/div>\n<p>[\/et_pb_blurb][\/et_pb_column][et_pb_column type=\u00bb1_4&#8243; _builder_version=\u00bb4.26.1&#8243; _module_preset=\u00bbdefault\u00bb global_colors_info=\u00bb{}\u00bb][et_pb_blurb title=\u00bbClara Timo\u00bb image=\u00bbhttps:\/\/vieja.euespa.com\/wp-content\/uploads\/2024\/07\/Clara_fondo-1-scaled.jpg\u00bb _builder_version=\u00bb4.27.0&#8243; _module_preset=\u00bbdefault\u00bb header_font_size=\u00bb20px\u00bb locked=\u00bboff\u00bb global_colors_info=\u00bb{}\u00bb]<\/p>\n<div class=\"page\" title=\"Page 1\">\n<div class=\"layoutArea\">\n<div class=\"column\">\n<div class=\"page\" title=\"Page 1\">\n<div class=\"layoutArea\">\n<div class=\"column\">\n<div class=\"page\" title=\"Page 1\">\n<div class=\"layoutArea\">\n<div class=\"column\">\n<p>Atencio\u0301n al cliente y modelo EUESPA. *La informadora de cursos ma\u0301s dulce, pregu\u0301ntale lo que quieras, siempre dispuesta a ayudar.<\/p>\n<\/div>\n<\/div>\n<\/div>\n<\/div>\n<\/div>\n<\/div>\n<\/div>\n<\/div>\n<\/div>\n<p>[\/et_pb_blurb][\/et_pb_column][et_pb_column type=\u00bb1_4&#8243; _builder_version=\u00bb4.26.1&#8243; _module_preset=\u00bbdefault\u00bb global_colors_info=\u00bb{}\u00bb][\/et_pb_column][et_pb_column type=\u00bb1_4&#8243; _builder_version=\u00bb4.26.1&#8243; _module_preset=\u00bbdefault\u00bb global_colors_info=\u00bb{}\u00bb][\/et_pb_column][\/et_pb_row][\/et_pb_section]<\/p>\n","protected":false},"excerpt":{"rendered":"<p>Equipo Formativo de EUESPA Un grupo de profesionales apasionados por el masaje, la formaci\u00f3n y el desarrollo personal y empresarial. Cada uno de nuestros formadores aporta su experiencia real en el sector, desde el masaje deportivo de \u00e9lite hasta la gesti\u00f3n de centros de bienestar y estrategias de marketing especializadas. Est\u00e1n aqu\u00ed no solo para [&hellip;]<\/p>\n","protected":false},"author":3,"featured_media":0,"parent":0,"menu_order":101,"comment_status":"closed","ping_status":"closed","template":"","meta":{"_et_pb_use_builder":"on","_et_pb_old_content":"","_et_gb_content_width":"","inline_featured_image":false,"footnotes":""},"class_list":["post-13906","page","type-page","status-publish","hentry"],"_links":{"self":[{"href":"https:\/\/vieja.euespa.com\/index.php?rest_route=\/wp\/v2\/pages\/13906","targetHints":{"allow":["GET"]}}],"collection":[{"href":"https:\/\/vieja.euespa.com\/index.php?rest_route=\/wp\/v2\/pages"}],"about":[{"href":"https:\/\/vieja.euespa.com\/index.php?rest_route=\/wp\/v2\/types\/page"}],"author":[{"embeddable":true,"href":"https:\/\/vieja.euespa.com\/index.php?rest_route=\/wp\/v2\/users\/3"}],"replies":[{"embeddable":true,"href":"https:\/\/vieja.euespa.com\/index.php?rest_route=%2Fwp%2Fv2%2Fcomments&post=13906"}],"version-history":[{"count":6,"href":"https:\/\/vieja.euespa.com\/index.php?rest_route=\/wp\/v2\/pages\/13906\/revisions"}],"predecessor-version":[{"id":16939,"href":"https:\/\/vieja.euespa.com\/index.php?rest_route=\/wp\/v2\/pages\/13906\/revisions\/16939"}],"wp:attachment":[{"href":"https:\/\/vieja.euespa.com\/index.php?rest_route=%2Fwp%2Fv2%2Fmedia&parent=13906"}],"curies":[{"name":"wp","href":"https:\/\/api.w.org\/{rel}","templated":true}]}}